{"id":426,"date":"2015-03-28T21:34:50","date_gmt":"2015-03-28T20:34:50","guid":{"rendered":"http:\/\/buergerrecht-weilersbach.de\/wordpress\/?page_id=426"},"modified":"2026-02-19T13:19:16","modified_gmt":"2026-02-19T12:19:16","slug":"mitgliedschaft","status":"publish","type":"page","link":"https:\/\/www.buergerrecht-weilersbach.de\/wordpress\/?page_id=426","title":{"rendered":"Mitgliedschaft\/Unterst\u00fctzung"},"content":{"rendered":"<p>&nbsp;<\/p>\n<h5>Unterst\u00fctzen Sie unsere Arbeit, werden Sie Mitglied in unserem Verein.<\/h5>\n<p>&nbsp;<\/p>\n<p><a href=\"http:\/\/buergerrecht-weilersbach.de\/wordpress\/wp-content\/uploads\/\/pdf.png\" rel=\"attachment wp-att-508\"><img loading=\"lazy\" decoding=\"async\" class=\"size-full wp-image-508 alignleft\" src=\"https:\/\/buergerrecht-weilersbach.de\/wordpress\/wp-content\/uploads\/\/pdf.png\" alt=\"pdf\" width=\"48\" height=\"48\"> <\/a><\/p>\n<h6><a href=\"https:\/\/www.buergerrecht-weilersbach.de\/wordpress\/wp-content\/uploads\/BRW_Beitrittserklaerung.pdf\" target=\"_blank\" rel=\"noopener\">Beitrittserkl\u00e4rung<\/a><\/h6>\n<p>&nbsp;<\/p>\n<p><a href=\"https:\/\/buergerrecht-weilersbach.de\/wordpress\/wp-content\/uploads\/\/pdf.png\" rel=\"attachment wp-att-508\"><img loading=\"lazy\" decoding=\"async\" class=\"size-full wp-image-508 alignleft\" src=\"https:\/\/buergerrecht-weilersbach.de\/wordpress\/wp-content\/uploads\/\/pdf.png\" alt=\"pdf\" width=\"48\" height=\"48\"><\/a><\/p>\n<h6 style=\"text-align: left;\"><a href=\"https:\/\/www.buergerrecht-weilersbach.de\/wordpress\/wp-content\/uploads\/Satzung-der-organisierten-Waehlergruppe-Buergerrecht-Weilersbach.pdf\" target=\"_blank\" rel=\"noopener\">Satzung der organisierten W\u00e4hlergruppe B\u00fcrgerrecht Weilersbach e.V.<\/a><\/h6>\n<p>&nbsp;<\/p>\n<p>&nbsp;<\/p>\n<h5>Unterst\u00fctzen Sie unsere Arbeit durch eine Spende.<\/h5>\n<h6>&nbsp;<\/h6>\n<h6>Wir stellen ihnen gerne eine Spendenquittung aus.<\/h6>\n<p>&nbsp;<\/p>\n<h6>Bitte schreiben Sie dazu eine kurze Nachricht f\u00fcr mehr Informationen an folgende E-Mailadresse:<\/h6>\n<h6>spende [at] buergerecht-weilersbach.de&nbsp;<\/h6>\n<h6>&nbsp;<\/h6>\n<p>&nbsp;<\/p>\n<p>&nbsp;<\/p>\n<p><img loading=\"lazy\" decoding=\"async\" class=\"alignnone wp-image-1689\" src=\"https:\/\/www.buergerrecht-weilersbach.de\/wordpress\/wp-content\/uploads\/logo-2026-gross_2-300x111.jpg\" alt=\"\" width=\"450\" height=\"167\" srcset=\"https:\/\/www.buergerrecht-weilersbach.de\/wordpress\/wp-content\/uploads\/logo-2026-gross_2-300x111.jpg 300w, https:\/\/www.buergerrecht-weilersbach.de\/wordpress\/wp-content\/uploads\/logo-2026-gross_2-150x56.jpg 150w, https:\/\/www.buergerrecht-weilersbach.de\/wordpress\/wp-content\/uploads\/logo-2026-gross_2-768x285.jpg 768w, https:\/\/www.buergerrecht-weilersbach.de\/wordpress\/wp-content\/uploads\/logo-2026-gross_2.jpg 896w\" sizes=\"auto, (max-width: 450px) 100vw, 450px\" \/><\/p>\n","protected":false},"excerpt":{"rendered":"<p>&nbsp; Unterst\u00fctzen Sie unsere Arbeit, werden Sie Mitglied in unserem Verein. &nbsp; Beitrittserkl\u00e4rung &nbsp; Satzung der organisierten W\u00e4hlergruppe B\u00fcrgerrecht Weilersbach e.V. &nbsp; &nbsp; Unterst\u00fctzen Sie unsere Arbeit durch eine Spende. &hellip; <\/p>\n","protected":false},"author":1,"featured_media":0,"parent":0,"menu_order":0,"comment_status":"closed","ping_status":"closed","template":"","meta":{"ngg_post_thumbnail":0,"footnotes":""},"class_list":["post-426","page","type-page","status-publish","hentry"],"_links":{"self":[{"href":"https:\/\/www.buergerrecht-weilersbach.de\/wordpress\/index.php?rest_route=\/wp\/v2\/pages\/426","targetHints":{"allow":["GET"]}}],"collection":[{"href":"https:\/\/www.buergerrecht-weilersbach.de\/wordpress\/index.php?rest_route=\/wp\/v2\/pages"}],"about":[{"href":"https:\/\/www.buergerrecht-weilersbach.de\/wordpress\/index.php?rest_route=\/wp\/v2\/types\/page"}],"author":[{"embeddable":true,"href":"https:\/\/www.buergerrecht-weilersbach.de\/wordpress\/index.php?rest_route=\/wp\/v2\/users\/1"}],"replies":[{"embeddable":true,"href":"https:\/\/www.buergerrecht-weilersbach.de\/wordpress\/index.php?rest_route=%2Fwp%2Fv2%2Fcomments&post=426"}],"version-history":[{"count":13,"href":"https:\/\/www.buergerrecht-weilersbach.de\/wordpress\/index.php?rest_route=\/wp\/v2\/pages\/426\/revisions"}],"predecessor-version":[{"id":1858,"href":"https:\/\/www.buergerrecht-weilersbach.de\/wordpress\/index.php?rest_route=\/wp\/v2\/pages\/426\/revisions\/1858"}],"wp:attachment":[{"href":"https:\/\/www.buergerrecht-weilersbach.de\/wordpress\/index.php?rest_route=%2Fwp%2Fv2%2Fmedia&parent=426"}],"curies":[{"name":"wp","href":"https:\/\/api.w.org\/{rel}","templated":true}]}}