{"id":116,"date":"2013-10-28T21:22:45","date_gmt":"2013-10-28T20:22:45","guid":{"rendered":"http:\/\/buergerrecht-weilersbach.de\/wordpress\/?page_id=116"},"modified":"2026-02-07T23:18:14","modified_gmt":"2026-02-07T22:18:14","slug":"ueber-uns","status":"publish","type":"page","link":"https:\/\/www.buergerrecht-weilersbach.de\/wordpress\/?page_id=116","title":{"rendered":"\u00dcber Uns"},"content":{"rendered":"<p><strong>Das sind wir:<\/strong><\/p>\n<p>Wir sind eine parteiunabh\u00e4ngige W\u00e4hlergruppe, die seit 1978 mit mindestens f\u00fcnf&nbsp; Gemeinder\u00e4ten im Gemeinderat Weilersbach vertreten ist.<\/p>\n<p><a href=\"https:\/\/www.buergerrecht-weilersbach.de\/wordpress\/wp-content\/uploads\/vereidigung-1978-scaled.jpg\"><img loading=\"lazy\" decoding=\"async\" class=\"alignnone wp-image-1669\" src=\"https:\/\/www.buergerrecht-weilersbach.de\/wordpress\/wp-content\/uploads\/vereidigung-1978-300x207.jpg\" alt=\"\" width=\"500\" height=\"345\" srcset=\"https:\/\/www.buergerrecht-weilersbach.de\/wordpress\/wp-content\/uploads\/vereidigung-1978-300x207.jpg 300w, https:\/\/www.buergerrecht-weilersbach.de\/wordpress\/wp-content\/uploads\/vereidigung-1978-1024x706.jpg 1024w, https:\/\/www.buergerrecht-weilersbach.de\/wordpress\/wp-content\/uploads\/vereidigung-1978-150x103.jpg 150w, https:\/\/www.buergerrecht-weilersbach.de\/wordpress\/wp-content\/uploads\/vereidigung-1978-768x530.jpg 768w, https:\/\/www.buergerrecht-weilersbach.de\/wordpress\/wp-content\/uploads\/vereidigung-1978-1536x1060.jpg 1536w, https:\/\/www.buergerrecht-weilersbach.de\/wordpress\/wp-content\/uploads\/vereidigung-1978-2048x1413.jpg 2048w, https:\/\/www.buergerrecht-weilersbach.de\/wordpress\/wp-content\/uploads\/vereidigung-1978-270x186.jpg 270w\" sizes=\"auto, (max-width: 500px) 100vw, 500px\" \/><\/a><\/p>\n<p>Am 30. Mai 2014 wurde die lose W\u00e4hlergruppe in eine organisierte W\u00e4hlergruppe \u00fcberf\u00fchrt: Die organisierten W\u00e4hlergruppe B\u00fcrgerrecht Weilersbach e.V. wurde gegr\u00fcndet, um die die Zukunft der W\u00e4hlergruppe zu sichern&nbsp;<\/p>\n<p>Am 24.07.2025 verabschiedete sich der Gr\u00fcnder der W\u00e4hlergruppe, Anton Dennerlein,&nbsp; nach \u00fcber 47 Jahren Mitgliedschaft im Gemeinderat aus der aktiven Komunalpolitik.&nbsp;<\/p>\n<p><img loading=\"lazy\" decoding=\"async\" class=\"alignleft wp-image-1775\" src=\"https:\/\/www.buergerrecht-weilersbach.de\/wordpress\/wp-content\/uploads\/DSC_0047-300x199.jpg\" alt=\"\" width=\"506\" height=\"336\" srcset=\"https:\/\/www.buergerrecht-weilersbach.de\/wordpress\/wp-content\/uploads\/DSC_0047-300x199.jpg 300w, https:\/\/www.buergerrecht-weilersbach.de\/wordpress\/wp-content\/uploads\/DSC_0047-1024x681.jpg 1024w, https:\/\/www.buergerrecht-weilersbach.de\/wordpress\/wp-content\/uploads\/DSC_0047-150x100.jpg 150w, https:\/\/www.buergerrecht-weilersbach.de\/wordpress\/wp-content\/uploads\/DSC_0047-768x511.jpg 768w, https:\/\/www.buergerrecht-weilersbach.de\/wordpress\/wp-content\/uploads\/DSC_0047-1536x1021.jpg 1536w, https:\/\/www.buergerrecht-weilersbach.de\/wordpress\/wp-content\/uploads\/DSC_0047-2048x1362.jpg 2048w\" sizes=\"auto, (max-width: 506px) 100vw, 506px\" \/><\/p>\n<p>&nbsp;<\/p>\n<p>&nbsp;<\/p>\n<p>&nbsp;<\/p>\n<p>&nbsp;<\/p>\n<p>&nbsp;<\/p>\n<p>&nbsp;<\/p>\n<p>&nbsp;<\/p>\n<p>&nbsp;<\/p>\n<p>In der laufenden Amtsperiode stellen wir sechs&nbsp; Gemeinder\u00e4te, die in allen Aussch\u00fcssen (Finanzausschuss, Bauausschuss und Kulturausschuss) sowie im Abwasserzweckverband und der Verwaltungsgemeinschaft Kirchehrenbach vertreten sind.<\/p>\n<p>Bei uns kann jede w\u00e4hlbare Weilersbacher B\u00fcrgerin und jeder B\u00fcrger, der Interesse und Engagement f\u00fcr die Belange unserer Heimatgemeinde und ihrer B\u00fcrgerinnen und B\u00fcrger mitbringt, aktiv mitgestalten.<\/p>\n<p><strong>Dazu stehen wir:<\/strong><\/p>\n<p><a href=\"https:\/\/buergerrecht-weilersbach.de\/wordpress\/wp-content\/uploads\/\/kreis_kreuz_.gif\"><img loading=\"lazy\" decoding=\"async\" class=\"size-full wp-image-699 alignnone\" src=\"https:\/\/buergerrecht-weilersbach.de\/wordpress\/wp-content\/uploads\/\/kreis_kreuz_.gif\" alt=\"\" width=\"22\" height=\"30\"><\/a> <strong>Lebensqualit\u00e4t<\/strong> in Weilersbach verbessern<\/p>\n<p><a href=\"https:\/\/buergerrecht-weilersbach.de\/wordpress\/wp-content\/uploads\/\/kreis_kreuz_.gif\"><img loading=\"lazy\" decoding=\"async\" class=\"alignnone size-full wp-image-699\" src=\"https:\/\/buergerrecht-weilersbach.de\/wordpress\/wp-content\/uploads\/\/kreis_kreuz_.gif\" alt=\"\" width=\"22\" height=\"30\"><\/a>&nbsp;<strong>B\u00fcrgern\u00e4he<\/strong> praktizieren<\/p>\n<p><a href=\"https:\/\/buergerrecht-weilersbach.de\/wordpress\/wp-content\/uploads\/\/kreis_kreuz_.gif\"><img loading=\"lazy\" decoding=\"async\" class=\"alignnone size-full wp-image-699\" src=\"https:\/\/buergerrecht-weilersbach.de\/wordpress\/wp-content\/uploads\/\/kreis_kreuz_.gif\" alt=\"\" width=\"22\" height=\"30\"><\/a> Unsere <strong>Umwelt<\/strong> erhalten und gestalten<\/p>\n<p><a href=\"https:\/\/buergerrecht-weilersbach.de\/wordpress\/wp-content\/uploads\/\/kreis_kreuz_.gif\"><img loading=\"lazy\" decoding=\"async\" class=\"alignnone size-full wp-image-699\" src=\"https:\/\/buergerrecht-weilersbach.de\/wordpress\/wp-content\/uploads\/\/kreis_kreuz_.gif\" alt=\"\" width=\"22\" height=\"30\"><\/a> b\u00fcrgernahe, sachliche und ehrliche <strong>Gemeindepolitik<\/strong><\/p>\n<p><a href=\"https:\/\/buergerrecht-weilersbach.de\/wordpress\/wp-content\/uploads\/\/kreis_kreuz_.gif\"><img loading=\"lazy\" decoding=\"async\" class=\"alignnone size-full wp-image-699\" src=\"https:\/\/buergerrecht-weilersbach.de\/wordpress\/wp-content\/uploads\/\/kreis_kreuz_.gif\" alt=\"\" width=\"22\" height=\"30\"><\/a> <strong>Zukunft<\/strong> unserer Gemeinde gestalten<\/p>\n<p><a href=\"https:\/\/buergerrecht-weilersbach.de\/wordpress\/wp-content\/uploads\/\/kreis_kreuz_.gif\"><img loading=\"lazy\" decoding=\"async\" class=\"alignnone size-full wp-image-699\" src=\"https:\/\/buergerrecht-weilersbach.de\/wordpress\/wp-content\/uploads\/\/kreis_kreuz_.gif\" alt=\"\" width=\"22\" height=\"30\"><\/a> <strong>Gemeinsinn<\/strong> st\u00e4rken<\/p>\n<p><a href=\"https:\/\/buergerrecht-weilersbach.de\/wordpress\/wp-content\/uploads\/\/kreis_kreuz_.gif\"><img loading=\"lazy\" decoding=\"async\" class=\"alignnone size-full wp-image-699\" src=\"https:\/\/buergerrecht-weilersbach.de\/wordpress\/wp-content\/uploads\/\/kreis_kreuz_.gif\" alt=\"\" width=\"22\" height=\"30\"><\/a> z\u00fcndende <strong>Ideen<\/strong> und innovative <strong>L\u00f6sungen<\/strong><\/p>\n<p><a href=\"https:\/\/buergerrecht-weilersbach.de\/wordpress\/wp-content\/uploads\/\/kreis_kreuz_.gif\"><img loading=\"lazy\" decoding=\"async\" class=\"alignnone size-full wp-image-699\" src=\"https:\/\/buergerrecht-weilersbach.de\/wordpress\/wp-content\/uploads\/\/kreis_kreuz_.gif\" alt=\"\" width=\"22\" height=\"30\"><\/a> <strong>Augenma\u00df<\/strong> und fachliches K\u00f6nnen<\/p>\n<p><a href=\"https:\/\/buergerrecht-weilersbach.de\/wordpress\/wp-content\/uploads\/\/kreis_kreuz_.gif\"><img loading=\"lazy\" decoding=\"async\" class=\"alignnone size-full wp-image-699\" src=\"https:\/\/buergerrecht-weilersbach.de\/wordpress\/wp-content\/uploads\/\/kreis_kreuz_.gif\" alt=\"\" width=\"22\" height=\"30\"><\/a> Kommunale<strong> Zusammenarbeit<\/strong><\/p>\n<p>&nbsp;<\/p>\n<p>&nbsp;<\/p>\n<p><img loading=\"lazy\" decoding=\"async\" class=\"alignnone wp-image-1689\" src=\"https:\/\/www.buergerrecht-weilersbach.de\/wordpress\/wp-content\/uploads\/logo-2026-gross_2-300x111.jpg\" alt=\"\" width=\"300\" height=\"111\" srcset=\"https:\/\/www.buergerrecht-weilersbach.de\/wordpress\/wp-content\/uploads\/logo-2026-gross_2-300x111.jpg 300w, https:\/\/www.buergerrecht-weilersbach.de\/wordpress\/wp-content\/uploads\/logo-2026-gross_2-150x56.jpg 150w, https:\/\/www.buergerrecht-weilersbach.de\/wordpress\/wp-content\/uploads\/logo-2026-gross_2-768x285.jpg 768w, https:\/\/www.buergerrecht-weilersbach.de\/wordpress\/wp-content\/uploads\/logo-2026-gross_2.jpg 896w\" sizes=\"auto, (max-width: 300px) 100vw, 300px\" \/><\/p>\n","protected":false},"excerpt":{"rendered":"<p>Das sind wir: Wir sind eine parteiunabh\u00e4ngige W\u00e4hlergruppe, die seit 1978 mit mindestens f\u00fcnf&nbsp; Gemeinder\u00e4ten im Gemeinderat Weilersbach vertreten ist. Am 30. Mai 2014 wurde die lose W\u00e4hlergruppe in eine &hellip; <\/p>\n","protected":false},"author":1,"featured_media":0,"parent":0,"menu_order":0,"comment_status":"closed","ping_status":"closed","template":"","meta":{"ngg_post_thumbnail":0,"footnotes":""},"class_list":["post-116","page","type-page","status-publish","hentry"],"_links":{"self":[{"href":"https:\/\/www.buergerrecht-weilersbach.de\/wordpress\/index.php?rest_route=\/wp\/v2\/pages\/116","targetHints":{"allow":["GET"]}}],"collection":[{"href":"https:\/\/www.buergerrecht-weilersbach.de\/wordpress\/index.php?rest_route=\/wp\/v2\/pages"}],"about":[{"href":"https:\/\/www.buergerrecht-weilersbach.de\/wordpress\/index.php?rest_route=\/wp\/v2\/types\/page"}],"author":[{"embeddable":true,"href":"https:\/\/www.buergerrecht-weilersbach.de\/wordpress\/index.php?rest_route=\/wp\/v2\/users\/1"}],"replies":[{"embeddable":true,"href":"https:\/\/www.buergerrecht-weilersbach.de\/wordpress\/index.php?rest_route=%2Fwp%2Fv2%2Fcomments&post=116"}],"version-history":[{"count":8,"href":"https:\/\/www.buergerrecht-weilersbach.de\/wordpress\/index.php?rest_route=\/wp\/v2\/pages\/116\/revisions"}],"predecessor-version":[{"id":1778,"href":"https:\/\/www.buergerrecht-weilersbach.de\/wordpress\/index.php?rest_route=\/wp\/v2\/pages\/116\/revisions\/1778"}],"wp:attachment":[{"href":"https:\/\/www.buergerrecht-weilersbach.de\/wordpress\/index.php?rest_route=%2Fwp%2Fv2%2Fmedia&parent=116"}],"curies":[{"name":"wp","href":"https:\/\/api.w.org\/{rel}","templated":true}]}}